{"id":1694,"date":"2016-11-19T16:22:33","date_gmt":"2016-11-19T16:22:33","guid":{"rendered":"https:\/\/www.chanceprogram.hu\/en\/?page_id=1694"},"modified":"2017-04-05T10:30:41","modified_gmt":"2017-04-05T10:30:41","slug":"eva-lang","status":"publish","type":"page","link":"https:\/\/www.chanceprogram.hu\/en\/eva-lang\/","title":{"rendered":"\u00c9va L\u00e1ng"},"content":{"rendered":"<p><a href=\"https:\/\/www.chanceprogram.hu\/wp-content\/uploads\/2012\/12\/\u00c9va.jpg\"><img loading=\"lazy\" decoding=\"async\" class=\"  wp-image-276 alignright\" src=\"https:\/\/www.chanceprogram.hu\/wp-content\/uploads\/2012\/12\/\u00c9va-217x300.jpg\" alt=\"\u00c9va\" width=\"153\" height=\"212\" srcset=\"https:\/\/www.chanceprogram.hu\/wp-content\/uploads\/2012\/12\/\u00c9va-217x300.jpg 217w, https:\/\/www.chanceprogram.hu\/wp-content\/uploads\/2012\/12\/\u00c9va.jpg 426w\" sizes=\"(max-width: 153px) 100vw, 153px\" \/><\/a>After graduating from Primary and Pre-Shcool Education College and E\u00f6tv\u00f6s Lor\u00e1nd University Faculty of Primary-school Education, she started to work in the fifth district of Budapest at D\u00e1niel Ir\u00e1nyi Elementary School, later at the Cultural Affairs Department of the Fifth District in educational management. Worked for several years at the Cultural Affairs Bureau, then at Tomori P\u00e1l Elementary School, which was a leading institution in the introduction of modern ways of learning.<\/p>\n<p>Has been actively dealing with the public education system\u2019s technical questions and the possibilities of spreading of new pedagogical methods for several decades.<\/p>\n<p>She has been engaged in retraining of pedagogues for the latter years, teaching cooperative learning, differentiating, individual provision, education of projects.<\/p>\n","protected":false},"excerpt":{"rendered":"<p>After graduating from Primary and Pre-Shcool Education College and E\u00f6tv\u00f6s Lor\u00e1nd University Faculty of Primary-school Education, she started to work in the fifth district of Budapest at D\u00e1niel Ir\u00e1nyi Elementary School, later at the Cultural Affairs Department of the Fifth District in educational management. Worked for several years at the Cultural Affairs Bureau, then at [&hellip;]<\/p>\n","protected":false},"author":2,"featured_media":0,"parent":0,"menu_order":0,"comment_status":"closed","ping_status":"closed","template":"","meta":{"footnotes":""},"_links":{"self":[{"href":"https:\/\/www.chanceprogram.hu\/en\/wp-json\/wp\/v2\/pages\/1694"}],"collection":[{"href":"https:\/\/www.chanceprogram.hu\/en\/wp-json\/wp\/v2\/pages"}],"about":[{"href":"https:\/\/www.chanceprogram.hu\/en\/wp-json\/wp\/v2\/types\/page"}],"author":[{"embeddable":true,"href":"https:\/\/www.chanceprogram.hu\/en\/wp-json\/wp\/v2\/users\/2"}],"replies":[{"embeddable":true,"href":"https:\/\/www.chanceprogram.hu\/en\/wp-json\/wp\/v2\/comments?post=1694"}],"version-history":[{"count":1,"href":"https:\/\/www.chanceprogram.hu\/en\/wp-json\/wp\/v2\/pages\/1694\/revisions"}],"predecessor-version":[{"id":1695,"href":"https:\/\/www.chanceprogram.hu\/en\/wp-json\/wp\/v2\/pages\/1694\/revisions\/1695"}],"wp:attachment":[{"href":"https:\/\/www.chanceprogram.hu\/en\/wp-json\/wp\/v2\/media?parent=1694"}],"curies":[{"name":"wp","href":"https:\/\/api.w.org\/{rel}","templated":true}]}}