{"id":1691,"date":"2016-11-19T16:15:20","date_gmt":"2016-11-19T16:15:20","guid":{"rendered":"https:\/\/www.chanceprogram.hu\/en\/?page_id=1691"},"modified":"2017-04-05T11:22:46","modified_gmt":"2017-04-05T11:22:46","slug":"pal-istvan-vaskuti","status":"publish","type":"page","link":"https:\/\/www.chanceprogram.hu\/en\/pal-istvan-vaskuti\/","title":{"rendered":"P\u00e1l Istv\u00e1n Vaskuti"},"content":{"rendered":"<p><img loading=\"lazy\" decoding=\"async\" class=\" wp-image-1987 alignright\" src=\"https:\/\/www.chanceprogram.hu\/wp-content\/uploads\/2012\/11\/IMG_7926_picivil-280x300.jpg\" alt=\"IMG_7926_picivil\" width=\"217\" height=\"233\" srcset=\"https:\/\/www.chanceprogram.hu\/wp-content\/uploads\/2012\/11\/IMG_7926_picivil-280x300.jpg 280w, https:\/\/www.chanceprogram.hu\/wp-content\/uploads\/2012\/11\/IMG_7926_picivil-768x824.jpg 768w, https:\/\/www.chanceprogram.hu\/wp-content\/uploads\/2012\/11\/IMG_7926_picivil-955x1024.jpg 955w, https:\/\/www.chanceprogram.hu\/wp-content\/uploads\/2012\/11\/IMG_7926_picivil.jpg 1201w\" sizes=\"(max-width: 217px) 100vw, 217px\" \/>After getting his masters degree from psychology at E\u00f6tv\u00f6s Lor\u00e1nd University, Mr. Vaskuti gained qualification as clinical children\u2019s psychologist. He has got more than 30 years experience with \u2019unmanagable\u2019 children and their families. He has worked in the First Pediatrist Institution alongside Peter Popper, the XI. and XII. district Pedagogical Counsel, the Child Welfare Ministration and several public schools, children\u2019s home in Hungary, Israel and Sr\u00ed Lanka.<\/p>\n<p>Gained in-depth knowledge about the full spectrum of child\u2019s protection systems, led multiple children\u2019s homes focusing on deviant teenagers (Soroks\u00e1ri street Youth Hostel, Szil\u00e1gyi Erzs\u00e9bet Children\u2019s Home for the antisocial girls betweens the ages 12-18, and F\u0150TASI, a group home-system designed by Mr. Vaskuti, handed over for use in 1998).<\/p>\n<p>In the latter years, he \u2013 together with his associates &#8211; has developed an adventure therapy-method in Sr\u00ed Lanka (within the framework of Chance Program) for \u2019unmanagable\u2019 hungarian children and teenagers. The method provides a positive and lasting change in the lives of kids and their families alike.<\/p>\n","protected":false},"excerpt":{"rendered":"<p>After getting his masters degree from psychology at E\u00f6tv\u00f6s Lor\u00e1nd University, Mr. Vaskuti gained qualification as clinical children\u2019s psychologist. He has got more than 30 years experience with \u2019unmanagable\u2019 children and their families. He has worked in the First Pediatrist Institution alongside Peter Popper, the XI. and XII. district Pedagogical Counsel, the Child Welfare Ministration [&hellip;]<\/p>\n","protected":false},"author":5,"featured_media":0,"parent":0,"menu_order":0,"comment_status":"closed","ping_status":"closed","template":"","meta":{"footnotes":""},"_links":{"self":[{"href":"https:\/\/www.chanceprogram.hu\/en\/wp-json\/wp\/v2\/pages\/1691"}],"collection":[{"href":"https:\/\/www.chanceprogram.hu\/en\/wp-json\/wp\/v2\/pages"}],"about":[{"href":"https:\/\/www.chanceprogram.hu\/en\/wp-json\/wp\/v2\/types\/page"}],"author":[{"embeddable":true,"href":"https:\/\/www.chanceprogram.hu\/en\/wp-json\/wp\/v2\/users\/5"}],"replies":[{"embeddable":true,"href":"https:\/\/www.chanceprogram.hu\/en\/wp-json\/wp\/v2\/comments?post=1691"}],"version-history":[{"count":2,"href":"https:\/\/www.chanceprogram.hu\/en\/wp-json\/wp\/v2\/pages\/1691\/revisions"}],"predecessor-version":[{"id":2074,"href":"https:\/\/www.chanceprogram.hu\/en\/wp-json\/wp\/v2\/pages\/1691\/revisions\/2074"}],"wp:attachment":[{"href":"https:\/\/www.chanceprogram.hu\/en\/wp-json\/wp\/v2\/media?parent=1691"}],"curies":[{"name":"wp","href":"https:\/\/api.w.org\/{rel}","templated":true}]}}