{"id":1584,"date":"2016-05-17T10:38:28","date_gmt":"2016-05-17T10:38:28","guid":{"rendered":"https:\/\/www.chanceprogram.hu\/en\/?page_id=1584"},"modified":"2016-05-17T15:14:15","modified_gmt":"2016-05-17T15:14:15","slug":"chance-program","status":"publish","type":"page","link":"https:\/\/www.chanceprogram.hu\/en\/","title":{"rendered":"Chance program"},"content":{"rendered":"<section class=\"wpb-content-wrapper\"><p>[vc_row][vc_column][rev_slider_vc alias=&#8221;homepage&#8221;][\/vc_column][\/vc_row][vc_row][vc_column width=&#8221;1\/3&#8243;][vc_custom_heading text=&#8221;A Chance Program r\u00f6viden&#8221; google_fonts=&#8221;font_family:Montserrat%3Aregular%2C700|font_style:400%20regular%3A400%3Anormal&#8221;][vc_column_text]<\/p>\n<p style=\"text-align: justify;\">Welcome on <strong>Chance Program<\/strong> website! K\u00e9rj\u00fck, kattintson az al\u00e1bbi k\u00e9pekre, n\u00e9zze meg a r\u00f3lunk k\u00e9sz\u00fclt vide\u00f3kat, melyek seg\u00edtenek meg\u00e9rteni programunk m\u0171k\u00f6d\u00e9s\u00e9t, l\u00e9nyeg\u00e9t.<\/p>\n<p>[\/vc_column_text][\/vc_column][vc_column width=&#8221;2\/3&#8243;][vc_column_text]English version&#8230; A <strong>Chance Program<\/strong> a norm\u00e1kat \u00e9s szab\u00e1lyokat elutas\u00edt\u00f3 \u00e9s felr\u00fag\u00f3 gyerekek, serd\u00fcl\u0151k \u00e9s fiatalok hat\u00e9kony \u00e9s tart\u00f3s rendez\u00e9se sor\u00e1n az egy\u00e9ni ig\u00e9nyeknek megfelel\u0151en az ambul\u00e1ns szolg\u00e1ltat\u00e1sok kieg\u00e9sz\u00edt\u00e9sek\u00e9nt utaz\u00e1ssal egybek\u00f6t\u00f6tt \u00e9lm\u00e9nyter\u00e1pi\u00e1s ell\u00e1t\u00e1st is biztos\u00edt.<\/p>\n<p>A program els\u0151sorban olyan 12-18 \u00e9ves l\u00e1nyok \u00e9s fi\u00fak rehabilit\u00e1ci\u00f3j\u00e1ra, felz\u00e1rk\u00f3ztat\u00f3 oktat\u00e1s\u00e1ra \u00e9s egy\u00e9ni fejleszt\u00e9s\u00e9re ir\u00e1nyul:<\/p>\n<ul>\n<li>akik magatart\u00e1si, vagy iskolai beilleszked\u00e9si zavart mutatnak;<\/li>\n<li>akik elindultak az antiszoci\u00e1lis (devi\u00e1ns) szem\u00e9lyis\u00e9gfejl\u0151d\u00e9s fel\u00e9;<\/li>\n<li>akik \u201crossz t\u00e1rsas\u00e1gba\u201d keveredtek;<\/li>\n<li>akikn\u00e9l kialakul\u00f3ban van valamilyen anyagalap\u00fa, vagy magatart\u00e1si f\u00fcgg\u0151s\u00e9g;<\/li>\n<li>akik b\u0171ncselekm\u00e9ny \u00e1ldozat\u00e1v\u00e1 v\u00e1ltak, vagy ki vannak t\u00e9ve ennek a vesz\u00e9lynek<\/li>\n<\/ul>\n<p>Fogadunk minden olyan gyereket \u00e9s fiatalt, aki b\u00e1rmilyen okb\u00f3l mag\u00e1ntanul\u00f3v\u00e1 v\u00e1lt, illetve akinek eg\u00e9szs\u00e9ges szem\u00e9lyis\u00e9gfejl\u0151d\u00e9se a jelenlegi k\u00f6rnyezet\u00fckben nem biztos\u00edtott.[\/vc_column_text][\/vc_column][\/vc_row][vc_row][vc_column][vc_basic_grid post_type=&#8221;post&#8221; max_items=&#8221;3&#8243; grid_id=&#8221;vc_gid:1453660434106-31d3352b-a82f-1&#8243; taxonomies=&#8221;37&#8243;][\/vc_column][\/vc_row][vc_row full_width=&#8221;stretch_row&#8221; css=&#8221;.vc_custom_1455092920258{padding-top: 50px !important;padding-bottom: 50px !important;background-color: #e8e8e8 !important;background-position: center !important;background-repeat: no-repeat !important;background-size: cover !important;}&#8221;][vc_column][vc_row_inner][vc_column_inner][vc_custom_heading text=&#8221;Kiknek aj\u00e1nljuk szolg\u00e1ltat\u00e1sainkat?&#8221; font_container=&#8221;tag:h2|text_align:center&#8221; google_fonts=&#8221;font_family:Montserrat%3Aregular%2C700|font_style:400%20regular%3A400%3Anormal&#8221;][vc_column_text]<\/p>\n<p style=\"text-align: center;\">Azoknak a csal\u00e1doknak, melyek t\u00e1rsadalmi st\u00e1tuszuk, ismerts\u00e9g\u00fck, diszkr\u00e9ci\u00f3s vagy b\u00e1rmilyen m\u00e1s ok (pl. a \u201ehivatalos\u201d int\u00e9zm\u00e9nyekkel kapcsolatos rossz tapasztalatuk) miatt nem k\u00edv\u00e1nj\u00e1k a Nevel\u00e9si Tan\u00e1csad\u00f3k, a gyermekj\u00f3l\u00e9ti alapell\u00e1t\u00e1s, illetve a gyermekv\u00e9delmi szakell\u00e1t\u00e1s int\u00e9zm\u00e9nyeit ig\u00e9nybe venni.<br \/>\nAzoknak a csal\u00e1doknak, melyek el szeretn\u00e9k ker\u00fclni a megb\u00e9lyegz\u00e9st, a stigmatiz\u00e1ci\u00f3t.<br \/>\nOlyan csal\u00e1dok sz\u00e1m\u00e1ra, amelyek nem tudj\u00e1k elfogadni, hogy \u00e9let\u00fckbe a hat\u00f3s\u00e1gok beavatkozzanak, hogy \u201enehezen kezelhet\u0151\u201d gyerek\u00fcket a gy\u00e1mhivatal, illetve a gyermekv\u00e9delmi szakell\u00e1t\u00e1s esetleg kiszak\u00edtja a csal\u00e1db\u00f3l, korl\u00e1tozza vagy megsz\u00fcnteti a sz\u00fcl\u0151k fel\u00fcgyeleti jogait, \u00e1tveszi \u00e9s gyakorolja a t\u00f6rv\u00e9nyes k\u00e9pviseletet.<\/p>\n<p style=\"text-align: center;\">Aj\u00e1nljuk szolg\u00e1ltat\u00e1sainkat int\u00e9zm\u00e9nyek (\u00e1llami-, alap\u00edtv\u00e1nyi- \u00e9s mag\u00e1niskol\u00e1k, eg\u00e9szs\u00e9g\u00fcgyi \u00e9s gyermekv\u00e9delmi int\u00e9zm\u00e9nyek) sz\u00e1m\u00e1ra minden olyan esetben, amikor eszk\u00f6ztelennek \u00e9rzik magukat.<\/p>\n<p>[\/vc_column_text][\/vc_column_inner][\/vc_row_inner][\/vc_column][\/vc_row][vc_row][vc_column][vc_custom_heading text=&#8221;Kik vagyunk?&#8221; font_container=&#8221;tag:h2|text_align:center&#8221; google_fonts=&#8221;font_family:Oxygen%3A300%2Cregular%2C700|font_style:400%20regular%3A400%3Anormal&#8221;][vc_basic_grid post_type=&#8221;ids&#8221; grid_id=&#8221;vc_gid:1453662870660-6f8412b5-a674-2&#8243; include=&#8221;227, 274, 226&#8243;][\/vc_column][\/vc_row][vc_row full_width=&#8221;stretch_row&#8221; css=&#8221;.vc_custom_1455093615469{padding-top: 50px !important;padding-bottom: 50px !important;background-color: #e3e3e3 !important;}&#8221;][vc_column width=&#8221;2\/3&#8243;][vc_custom_heading text=&#8221;Mi\u00e9rt \u00e9rdemes minket v\u00e1lasztani?&#8221; google_fonts=&#8221;font_family:Montserrat%3Aregular%2C700|font_style:400%20regular%3A400%3Anormal&#8221;][vc_column_text]Sok sz\u00fcl\u0151 mindent megtenne, hogy az elcs\u00faszott-megbotlott gyereke \u00e9let\u00e9t \u00e9rdemben rendezze, de amennyiben az \u00e1llami \u00e9s \u00f6nkorm\u00e1nyzati ell\u00e1t\u00e1st nem tartja megfelel\u0151nek, Magyarorsz\u00e1gon m\u00e1s v\u00e1laszt\u00e1sa jelenleg akkor sincs, ha sz\u00edvesen v\u00e1llaln\u00e1 az ezzel j\u00e1r\u00f3 anyagi terheket is.<br \/>\nM\u0171k\u00f6dnek ugyan alap\u00edtv\u00e1nyi vagy mag\u00e1n pszichol\u00f3giai rendel\u00e9sek, ezek azonban a s\u00falyos viselked\u00e9si probl\u00e9m\u00e1t mutat\u00f3 gyerekeknek \u00e9s serd\u00fcl\u0151knek legfeljebb ambul\u00e1ns szolg\u00e1ltat\u00e1sokat ny\u00fajtanak, s \u00e1ltal\u00e1ban nem rendelkeznek t\u00f6bb szakter\u00fcletet k\u00e9pvisel\u0151 szakemberg\u00e1rd\u00e1val.<br \/>\nA <strong>Chance Program<\/strong> kidolgoz\u00f3i felismert\u00e9k, hogy a megk\u00fcl\u00f6nb\u00f6ztetett figyelmet ig\u00e9nyl\u0151 gyerekek \u00e9s serd\u00fcl\u0151k eredm\u00e9nyes \u00e9s maradand\u00f3 rendez\u00e9se \u00e9rdek\u00e9ben pszichol\u00f3gusoknak, pszichi\u00e1tereknek, gy\u00f3gypedag\u00f3gusoknak, pedag\u00f3gusoknak \u00e9s fejleszt\u0151 pedag\u00f3gusoknak, jog\u00e1szoknak \u00e9s egy\u00e9b szakembereknek egy\u00fctt kell dolgozniuk, s az ell\u00e1t\u00e1s sor\u00e1n hosszabb-r\u00f6videbb id\u0151re az ambulanci\u00e1n\u00e1l intenz\u00edvebb szolg\u00e1ltat\u00e1sokat is kell ny\u00fajtani.<br \/>\nAz \u00e1ltalunk k\u00edn\u00e1lt komplex \u00e9s t\u00f6bbszint\u0171 ell\u00e1t\u00e1s ugyanolyan biztons\u00e1got ny\u00fajt, mint az eg\u00e9szs\u00e9g\u00fcgy ter\u00fclet\u00e9n az a mag\u00e1norvos, aki m\u00f6g\u00f6tt k\u00f3rh\u00e1zi h\u00e1tt\u00e9r is van.[\/vc_column_text][vc_custom_heading text=&#8221;C\u00e9lunk \u00e9s feladatunk&#8221; google_fonts=&#8221;font_family:Montserrat%3Aregular%2C700|font_style:400%20regular%3A400%3Anormal&#8221;][vc_column_text]<\/p>\n<h3>M\u00f3dszereink<\/h3>\n<p>Diagnosztikus \u00e1llapotfelm\u00e9r\u00e9s, orient\u00e1ci\u00f3s tan\u00e1csad\u00e1s, egy\u00e9ni-, csoportos \u00e9s csal\u00e1di konzult\u00e1ci\u00f3, egy\u00e9ni-, csoport- \u00e9s csal\u00e1dter\u00e1pia, szem\u00e9lyre szabott ambul\u00e1ns \u00e9s k\u00fclf\u00f6ld\u00f6n szervezett \u00e9lm\u00e9nyter\u00e1pi\u00e1s ell\u00e1t\u00e1s.<\/p>\n<h3>C\u00e9lunk<\/h3>\n<p>Es\u00e9lyt biztos\u00edtani a beilleszked\u00e9si neh\u00e9zs\u00e9gekkel k\u00fczd\u0151, a t\u00e1rsadalom \u00e1ltal elv\u00e1rt norm\u00e1kt\u00f3l elt\u00e9r\u0151 ir\u00e1ny\u00e1ba elindult gyerekek, serd\u00fcl\u0151k, valamint csal\u00e1djaik sz\u00e1m\u00e1ra.<br \/>\nHisz\u00fcnk abban, hogy nincs rem\u00e9nytelen helyzet\u0171 fiatal, hogy gyerek- \u00e9s serd\u00fcl\u0151korban nincs \u201celrontott \u00e9let\u201d.<br \/>\nFontos, hogy legyen a gyerek \u00e9s a csal\u00e1d mellett valaki, amikor kor\u00e1bbi megold\u00e1saik nem v\u00e1ltak be, \u00e9s feladn\u00e1k a rem\u00e9nyt.<br \/>\nAz ig\u00e9nyeknek megfelel\u0151en ambul\u00e1ns \u00e9s \u00e9lm\u00e9nyter\u00e1pi\u00e1s szolg\u00e1ltat\u00e1sainkkal \u00faj lehet\u0151s\u00e9geket adunk a hozz\u00e1nk fordul\u00f3 csal\u00e1doknak.<br \/>\nA <strong>Chance Program<\/strong> a t\u00e1rsadalmi elv\u00e1r\u00e1sokat \u00e9s norm\u00e1kat elutas\u00edt\u00f3 gyerekek, serd\u00fcl\u0151k \u00e9s csal\u00e1djaik sz\u00e1m\u00e1ra ny\u00fajt es\u00e9lyt.<\/p>\n<h3>Feladatunk<\/h3>\n<p>A kock\u00e1zati \u00e9s vesz\u00e9lyeztet\u0151 t\u00e9nyez\u0151k felt\u00e1r\u00e1sa, befoly\u00e1suk \u00e9s hat\u00e1suk cs\u00f6kkent\u00e9se, elker\u00fcl\u00e9s\u00fckh\u00f6z megold\u00e1si mint\u00e1k ny\u00fajt\u00e1sa, a hozz\u00e1nk fordul\u00f3k fesz\u00fclts\u00e9geinek old\u00e1sa, protekt\u00edv faktoraik \u00e9s szoci\u00e1lis kompetenci\u00e1ik er\u0151s\u00edt\u00e9se, korrekt\u00edv \u00e9lm\u00e9nyek ny\u00fajt\u00e1sa, pszich\u00e9s rendez\u00e9s, rekre\u00e1ci\u00f3 \u00e9s re-szocializ\u00e1ci\u00f3, pozit\u00edv j\u00f6v\u0151k\u00e9p kialak\u00edt\u00e1sa.<br \/>\nFeladatunknak tekintj\u00fck a gyerek benntart\u00e1s\u00e1t a k\u00f6zoktat\u00e1si rendszerben, valamint a gyerek \u00e9s a csal\u00e1d k\u00e9pviselet\u00e9t az oktat\u00e1si- \u00e9s egy\u00e9b int\u00e9zm\u00e9nyek, hat\u00f3s\u00e1gok fel\u00e9.[\/vc_column_text][vc_custom_heading text=&#8221;Szakmai alapelveink&#8221; google_fonts=&#8221;font_family:Montserrat%3Aregular%2C700|font_style:400%20regular%3A400%3Anormal&#8221;][vc_column_text]A gyerek- \u00e9s serd\u00fcl\u0151kori viselked\u00e9si- \u00e9s magatart\u00e1szavarok kialakul\u00e1s\u00e1nak h\u00e1tter\u00e9ben az eg\u00e9szs\u00e9ges fejl\u0151d\u00e9st, a nevel\u00e9si, tanul\u00e1si folyamatot tart\u00f3san \u00e9s s\u00falyosan akad\u00e1lyoz\u00f3 pszich\u00e9s fejl\u0151d\u00e9si zavar vagy trauma, iskolai kudarc, csal\u00e1di vagy egy\u00e9b fesz\u00fclts\u00e9g, \u201erossz t\u00e1rsas\u00e1gba kevered\u00e9s\u201d, g\u00e1tl\u00e1s, szorong\u00e1s, visszavonul\u00e1s, depresszi\u00f3, inger- vagy vesz\u00e9lykeres\u00e9s h\u00faz\u00f3dik meg.<\/p>\n<p>A gyerek- \u00e9s serd\u00fcl\u0151korban jelentkez\u0151 viselked\u00e9si \u00e9s magatart\u00e1si neh\u00e9zs\u00e9g, teh\u00e1t egy kor\u00e1bban jelentkez\u0151 probl\u00e9m\u00e1ra r\u00e1\u00e9p\u00fcl\u0151 \u201em\u00e1sodlagos\u201d t\u00fcnet. A beavatkoz\u00e1s csak akkor hat\u00e9kony, ha a csal\u00e1d seg\u00edts\u00e9g\u00e9vel a t\u00fcnet m\u00f6g\u00f6tt rejl\u0151 okot is felt\u00e1rjuk \u00e9s rendezz\u00fck.<br \/>\nA t\u00fcnetek kialakul\u00e1s\u00e1nak kezdeti szakasz\u00e1ban a folyamat az esetek nagy t\u00f6bbs\u00e9g\u00e9ben lass\u00edthat\u00f3, meg\u00e1ll\u00edthat\u00f3, vagy visszaford\u00edthat\u00f3, a szem\u00e9lyis\u00e9g rendezhet\u0151. A t\u00fcnetek r\u00f6gz\u00fcl\u00e9se, esetleg \u00e9letform\u00e1v\u00e1 v\u00e1l\u00e1sa sor\u00e1n a seg\u00edts\u00e9gny\u00fajt\u00e1s egyre nehezebb, de soha nem rem\u00e9nytelen.<br \/>\nA seg\u00edts\u00e9g k\u00e9r\u00e9se a v\u00e1ltoztat\u00e1s els\u0151 l\u00e9p\u00e9se, a v\u00e1ltoz\u00e1s\u00e9rt azonban meg kell dolgozni, s ezt a munk\u00e1t szakembereknek kell \u00f6sszefogniuk.[\/vc_column_text][\/vc_column][vc_column width=&#8221;1\/3&#8243;][vc_row_inner][vc_column_inner][vc_single_image image=&#8221;1110&#8243; img_size=&#8221;large&#8221; style=&#8221;vc_box_rounded&#8221;][vc_column_text]I am text block. Click edit button to change this text. Lorem ipsum dolor sit amet, consectetur adipiscing elit. Ut elit tellus, luctus nec ullamcorper mattis, pulvinar dapibus leo.[\/vc_column_text][\/vc_column_inner][\/vc_row_inner][vc_separator][vc_row_inner][vc_column_inner][vc_single_image image=&#8221;688&#8243; img_size=&#8221;large&#8221; style=&#8221;vc_box_rounded&#8221;][vc_column_text]I am text block. Click edit button to change this text. Lorem ipsum dolor sit amet, consectetur adipiscing elit. Ut elit tellus, luctus nec ullamcorper mattis, pulvinar dapibus leo.[\/vc_column_text][\/vc_column_inner][\/vc_row_inner][vc_single_image image=&#8221;1547&#8243; img_size=&#8221;large&#8221;][\/vc_column][\/vc_row][vc_row][vc_column][vc_text_separator title=&#8221;Blog&#8221; i_icon_fontawesome=&#8221;fa fa-file-word-o&#8221; i_color=&#8221;orange&#8221; add_icon=&#8221;true&#8221;][vc_basic_grid post_type=&#8221;post&#8221; max_items=&#8221;10&#8243; style=&#8221;load-more&#8221; items_per_page=&#8221;3&#8243; grid_id=&#8221;vc_gid:1453658434631-82df4602-c4dd-1&#8243; taxonomies=&#8221;5&#8243;][\/vc_column][\/vc_row]<\/p>\n<\/section>","protected":false},"excerpt":{"rendered":"<p>[vc_row][vc_column][rev_slider_vc alias=&#8221;homepage&#8221;][\/vc_column][\/vc_row][vc_row][vc_column width=&#8221;1\/3&#8243;][vc_custom_heading text=&#8221;A Chance Program r\u00f6viden&#8221; google_fonts=&#8221;font_family:Montserrat%3Aregular%2C700|font_style:400%20regular%3A400%3Anormal&#8221;][vc_column_text] Welcome on Chance Program website! K\u00e9rj\u00fck, kattintson az al\u00e1bbi k\u00e9pekre, n\u00e9zze meg a r\u00f3lunk k\u00e9sz\u00fclt vide\u00f3kat, melyek seg\u00edtenek meg\u00e9rteni programunk m\u0171k\u00f6d\u00e9s\u00e9t, l\u00e9nyeg\u00e9t. [\/vc_column_text][\/vc_column][vc_column width=&#8221;2\/3&#8243;][vc_column_text]English version&#8230; A Chance Program a norm\u00e1kat \u00e9s szab\u00e1lyokat elutas\u00edt\u00f3 \u00e9s felr\u00fag\u00f3 gyerekek, serd\u00fcl\u0151k \u00e9s fiatalok hat\u00e9kony \u00e9s tart\u00f3s rendez\u00e9se sor\u00e1n az egy\u00e9ni ig\u00e9nyeknek [&hellip;]<\/p>\n","protected":false},"author":1,"featured_media":0,"parent":0,"menu_order":0,"comment_status":"closed","ping_status":"closed","template":"","meta":{"footnotes":""},"_links":{"self":[{"href":"https:\/\/www.chanceprogram.hu\/en\/wp-json\/wp\/v2\/pages\/1584"}],"collection":[{"href":"https:\/\/www.chanceprogram.hu\/en\/wp-json\/wp\/v2\/pages"}],"about":[{"href":"https:\/\/www.chanceprogram.hu\/en\/wp-json\/wp\/v2\/types\/page"}],"author":[{"embeddable":true,"href":"https:\/\/www.chanceprogram.hu\/en\/wp-json\/wp\/v2\/users\/1"}],"replies":[{"embeddable":true,"href":"https:\/\/www.chanceprogram.hu\/en\/wp-json\/wp\/v2\/comments?post=1584"}],"version-history":[{"count":4,"href":"https:\/\/www.chanceprogram.hu\/en\/wp-json\/wp\/v2\/pages\/1584\/revisions"}],"predecessor-version":[{"id":1586,"href":"https:\/\/www.chanceprogram.hu\/en\/wp-json\/wp\/v2\/pages\/1584\/revisions\/1586"}],"wp:attachment":[{"href":"https:\/\/www.chanceprogram.hu\/en\/wp-json\/wp\/v2\/media?parent=1584"}],"curies":[{"name":"wp","href":"https:\/\/api.w.org\/{rel}","templated":true}]}}